{"id":4682,"date":"2022-03-10T21:46:27","date_gmt":"2022-03-10T21:46:27","guid":{"rendered":"http:\/\/www.zonacentro.org\/Bienvenidos\/?page_id=4682"},"modified":"2022-03-11T20:54:09","modified_gmt":"2022-03-11T20:54:09","slug":"nosotros","status":"publish","type":"page","link":"http:\/\/www.zonacentro.org\/Bienvenidos\/nosotros\/","title":{"rendered":"Nosotros"},"content":{"rendered":"\t\t<div data-elementor-type=\"wp-page\" data-elementor-id=\"4682\" class=\"elementor elementor-4682\" data-elementor-settings=\"[]\">\n\t\t\t\t\t\t<div class=\"elementor-inner\">\n\t\t\t\t\t\t\t<div class=\"elementor-section-wrap\">\n\t\t\t\t\t\t\t<section class=\"elementor-section elementor-top-section elementor-element elementor-element-038e839 elementor-section-full_width elementor-section-height-default elementor-section-height-default\" data-id=\"038e839\" data-element_type=\"section\" data-settings=\"{&quot;_ha_eqh_enable&quot;:false}\">\n\t\t\t\t\t\t<div class=\"elementor-container elementor-column-gap-no\">\n\t\t\t\t\t\t\t<div class=\"elementor-row\">\n\t\t\t\t\t<div class=\"elementor-column elementor-col-100 elementor-top-column elementor-element elementor-element-a612ad7\" data-id=\"a612ad7\" data-element_type=\"column\">\n\t\t\t<div class=\"elementor-column-wrap elementor-element-populated\">\n\t\t\t\t\t\t\t<div class=\"elementor-widget-wrap\">\n\t\t\t\t\t\t<div class=\"elementor-element elementor-element-aac4421 ha-arrow-sync-no elementor-widget elementor-widget-ha-advanced-slider happy-addon ha-advanced-slider happy-addon-pro\" data-id=\"aac4421\" data-element_type=\"widget\" data-settings=\"{&quot;slider_type&quot;:&quot;single&quot;,&quot;slider_direction&quot;:&quot;horizontal&quot;,&quot;effect&quot;:&quot;false&quot;,&quot;effect_speed&quot;:500,&quot;space_between_slides&quot;:0,&quot;slider_content_animation&quot;:&quot;ha_fadeInUp&quot;,&quot;arrow_navigation&quot;:&quot;yes&quot;,&quot;pagination_type&quot;:&quot;none&quot;,&quot;scroll_bar&quot;:&quot;no&quot;,&quot;thumbs_navigation&quot;:&quot;no&quot;,&quot;infinity_loop&quot;:true,&quot;autoplay&quot;:&quot;yes&quot;,&quot;autoplay_speed&quot;:5000}\" data-widget_type=\"ha-advanced-slider.default\">\n\t\t\t\t<div class=\"elementor-widget-container\">\n\t\t\t        <div class=\"ha-slider-widget-wrapper ha-unique-widget-id-aac4421 ha-slider-direction-horizontal\">\n            <div class=\"swiper-container gallery-top ha-slider-container\">\n                <div class=\"swiper-wrapper ha-slider-wrapper\">\n                                                <div class=\"swiper-slide ha-slider-slide elementor-repeater-item-2120ae7\">\n                                                                    <div class=\"ha-slider-content-wrapper elementor-repeater-item-2120ae7\">\n                                        <div class=\"ha-slider-content elementor-repeater-item-2120ae7 ha_fadeInUp\">\n                                                                                            <figure class=\"ha-slider-figure ha-slider-figure--image\">\n                                                    <img loading=\"lazy\" decoding=\"async\" width=\"2462\" height=\"2462\" src=\"http:\/\/www.zonacentro.org\/Bienvenidos\/wp-content\/uploads\/2022\/02\/LETRAS3-01.png\" class=\"elementor-animation-disable-animation attachment-full size-full\" alt=\"\" srcset=\"http:\/\/www.zonacentro.org\/Bienvenidos\/wp-content\/uploads\/2022\/02\/LETRAS3-01.png 2462w, http:\/\/www.zonacentro.org\/Bienvenidos\/wp-content\/uploads\/2022\/02\/LETRAS3-01-300x300.png 300w, http:\/\/www.zonacentro.org\/Bienvenidos\/wp-content\/uploads\/2022\/02\/LETRAS3-01-1024x1024.png 1024w, http:\/\/www.zonacentro.org\/Bienvenidos\/wp-content\/uploads\/2022\/02\/LETRAS3-01-150x150.png 150w, http:\/\/www.zonacentro.org\/Bienvenidos\/wp-content\/uploads\/2022\/02\/LETRAS3-01-768x768.png 768w, http:\/\/www.zonacentro.org\/Bienvenidos\/wp-content\/uploads\/2022\/02\/LETRAS3-01-1536x1536.png 1536w, http:\/\/www.zonacentro.org\/Bienvenidos\/wp-content\/uploads\/2022\/02\/LETRAS3-01-2048x2048.png 2048w\" sizes=\"(max-width: 2462px) 100vw, 2462px\" \/>                                                <\/figure>\n                                            \n                                                                                                                                                                                                                        <\/div>\n                                    <\/div>\n                                                            <\/div>\n                                                <div class=\"swiper-slide ha-slider-slide elementor-repeater-item-bf47b6a\">\n                                                                    <div class=\"ha-slider-content-wrapper elementor-repeater-item-bf47b6a\">\n                                        <div class=\"ha-slider-content elementor-repeater-item-bf47b6a ha_fadeInUp\">\n                                                                                            <figure class=\"ha-slider-figure ha-slider-figure--image\">\n                                                    <img loading=\"lazy\" decoding=\"async\" width=\"2462\" height=\"2462\" src=\"http:\/\/www.zonacentro.org\/Bienvenidos\/wp-content\/uploads\/2022\/02\/LETRAS2-01.png\" class=\"elementor-animation-disable-animation attachment-full size-full\" alt=\"\" srcset=\"http:\/\/www.zonacentro.org\/Bienvenidos\/wp-content\/uploads\/2022\/02\/LETRAS2-01.png 2462w, http:\/\/www.zonacentro.org\/Bienvenidos\/wp-content\/uploads\/2022\/02\/LETRAS2-01-300x300.png 300w, http:\/\/www.zonacentro.org\/Bienvenidos\/wp-content\/uploads\/2022\/02\/LETRAS2-01-1024x1024.png 1024w, http:\/\/www.zonacentro.org\/Bienvenidos\/wp-content\/uploads\/2022\/02\/LETRAS2-01-150x150.png 150w, http:\/\/www.zonacentro.org\/Bienvenidos\/wp-content\/uploads\/2022\/02\/LETRAS2-01-768x768.png 768w, http:\/\/www.zonacentro.org\/Bienvenidos\/wp-content\/uploads\/2022\/02\/LETRAS2-01-1536x1536.png 1536w, http:\/\/www.zonacentro.org\/Bienvenidos\/wp-content\/uploads\/2022\/02\/LETRAS2-01-2048x2048.png 2048w\" sizes=\"(max-width: 2462px) 100vw, 2462px\" \/>                                                <\/figure>\n                                            \n                                                                                                                                                                                                                        <\/div>\n                                    <\/div>\n                                                            <\/div>\n                                    <\/div>\n\n                \n                                    <div class=\"ha-slider-prev\"><i aria-hidden=\"true\" class=\"hm hm-play-previous\"><\/i><\/div>\n                    <div class=\"ha-slider-next\"><i aria-hidden=\"true\" class=\"hm hm-play-next\"><\/i><\/div>\n                \n                \n            <\/div>\n\n                    <\/div>\n\n\t\t<\/div>\n\t\t\t\t<\/div>\n\t\t\t\t\t\t<\/div>\n\t\t\t\t\t<\/div>\n\t\t<\/div>\n\t\t\t\t\t\t\t\t<\/div>\n\t\t\t\t\t<\/div>\n\t\t<\/section>\n\t\t\t\t<section class=\"elementor-section elementor-top-section elementor-element elementor-element-b87a416 elementor-section-boxed elementor-section-height-default elementor-section-height-default\" data-id=\"b87a416\" data-element_type=\"section\" data-settings=\"{&quot;background_background&quot;:&quot;classic&quot;,&quot;_ha_eqh_enable&quot;:false}\">\n\t\t\t\t\t\t<div class=\"elementor-container elementor-column-gap-default\">\n\t\t\t\t\t\t\t<div class=\"elementor-row\">\n\t\t\t\t\t<div class=\"elementor-column elementor-col-100 elementor-top-column elementor-element elementor-element-4187ea1\" data-id=\"4187ea1\" data-element_type=\"column\">\n\t\t\t<div class=\"elementor-column-wrap elementor-element-populated\">\n\t\t\t\t\t\t\t<div class=\"elementor-widget-wrap\">\n\t\t\t\t\t\t<div class=\"elementor-element elementor-element-1d6291d elementor-headline--style-highlight elementor-widget elementor-widget-animated-headline\" data-id=\"1d6291d\" data-element_type=\"widget\" data-settings=\"{&quot;marker&quot;:&quot;underline&quot;,&quot;highlighted_text&quot;:&quot;Somos?&quot;,&quot;headline_style&quot;:&quot;highlight&quot;,&quot;loop&quot;:&quot;yes&quot;,&quot;highlight_animation_duration&quot;:1200,&quot;highlight_iteration_delay&quot;:8000}\" data-widget_type=\"animated-headline.default\">\n\t\t\t\t<div class=\"elementor-widget-container\">\n\t\t\t\t\t<h3 class=\"elementor-headline\">\n\t\t\t\t\t<span class=\"elementor-headline-plain-text elementor-headline-text-wrapper\">Quienes <\/span>\n\t\t\t\t<span class=\"elementor-headline-dynamic-wrapper elementor-headline-text-wrapper\">\n\t\t\t\t\t<span class=\"elementor-headline-dynamic-text elementor-headline-text-active\">Somos?<\/span>\n\t\t\t\t<\/span>\n\t\t\t\t<\/h3>\n\t\t\t\t<\/div>\n\t\t\t\t<\/div>\n\t\t\t\t<section class=\"elementor-section elementor-inner-section elementor-element elementor-element-ff6a1ad elementor-section-boxed elementor-section-height-default elementor-section-height-default\" data-id=\"ff6a1ad\" data-element_type=\"section\" data-settings=\"{&quot;background_background&quot;:&quot;classic&quot;,&quot;_ha_eqh_enable&quot;:false}\">\n\t\t\t\t\t\t<div class=\"elementor-container elementor-column-gap-default\">\n\t\t\t\t\t\t\t<div class=\"elementor-row\">\n\t\t\t\t\t<div class=\"elementor-column elementor-col-50 elementor-inner-column elementor-element elementor-element-6a046f9\" data-id=\"6a046f9\" data-element_type=\"column\">\n\t\t\t<div class=\"elementor-column-wrap elementor-element-populated\">\n\t\t\t\t\t\t\t<div class=\"elementor-widget-wrap\">\n\t\t\t\t\t\t<div class=\"elementor-element elementor-element-7b2c7ae elementor-widget elementor-widget-image\" data-id=\"7b2c7ae\" data-element_type=\"widget\" data-widget_type=\"image.default\">\n\t\t\t\t<div class=\"elementor-widget-container\">\n\t\t\t\t\t\t\t\t<div class=\"elementor-image\">\n\t\t\t\t\t\t\t\t\t\t\t\t<img loading=\"lazy\" decoding=\"async\" width=\"195\" height=\"147\" src=\"http:\/\/www.zonacentro.org\/Bienvenidos\/wp-content\/uploads\/2022\/02\/LOGO-ZONA-CENTRO.svg\" class=\"attachment-large size-large\" alt=\"\" \/>\t\t\t\t\t\t\t\t\t\t\t\t\t\t<\/div>\n\t\t\t\t\t\t<\/div>\n\t\t\t\t<\/div>\n\t\t\t\t\t\t<\/div>\n\t\t\t\t\t<\/div>\n\t\t<\/div>\n\t\t\t\t<div class=\"elementor-column elementor-col-50 elementor-inner-column elementor-element elementor-element-272f188\" data-id=\"272f188\" data-element_type=\"column\">\n\t\t\t<div class=\"elementor-column-wrap elementor-element-populated\">\n\t\t\t\t\t\t\t<div class=\"elementor-widget-wrap\">\n\t\t\t\t\t\t<div class=\"elementor-element elementor-element-700fb60 elementor-widget elementor-widget-text-editor\" data-id=\"700fb60\" data-element_type=\"widget\" data-widget_type=\"text-editor.default\">\n\t\t\t\t<div class=\"elementor-widget-container\">\n\t\t\t\t\t\t\t\t<div class=\"elementor-text-editor elementor-clearfix\">\n\t\t\t\t<p>\u201cSomos una organizaci\u00f3n dedicada a impulsar a la comunidad golfista de la zona centro a ser la numero uno, mediante un programa de competencia que nos permita elevar el nivel de golf en las diversas ramas.\u201d<\/p>\t\t\t\t\t<\/div>\n\t\t\t\t\t\t<\/div>\n\t\t\t\t<\/div>\n\t\t\t\t<div class=\"elementor-element elementor-element-ca810ec elementor-widget elementor-widget-ha-animated-text happy-addon ha-animated-text happy-addon-pro\" data-id=\"ca810ec\" data-element_type=\"widget\" data-settings=\"{&quot;animation_delay&quot;:2500}\" data-widget_type=\"ha-animated-text.default\">\n\t\t\t\t<div class=\"elementor-widget-container\">\n\t\t\t<h2 class=\"ha-animated-text-wrap cd-headline rotate-1 ha-animated-has-before-text\" data-animation-delay=\"2500\"><span class=\"ha-animated-before-text\">Nuestra<\/span> <span class=\"ha-animated-text cd-words-wrapper\"><b class=\"elementor-repeater-item-08969f3 is-visible\">Vis\u00f3n<\/b><b class=\"elementor-repeater-item-3a91adf\">Meta<\/b><\/span><\/h2>\t\t<\/div>\n\t\t\t\t<\/div>\n\t\t\t\t<div class=\"elementor-element elementor-element-a7eea14 elementor-widget elementor-widget-text-editor\" data-id=\"a7eea14\" data-element_type=\"widget\" data-widget_type=\"text-editor.default\">\n\t\t\t\t<div class=\"elementor-widget-container\">\n\t\t\t\t\t\t\t\t<div class=\"elementor-text-editor elementor-clearfix\">\n\t\t\t\t<p>En un plazo de 3 a\u00f1os obtener resultados representativos a nivel nacional e internacional con nuestros jugadores con la creaci\u00f3n de esquemas que permitan obtenerlos.<\/p>\t\t\t\t\t<\/div>\n\t\t\t\t\t\t<\/div>\n\t\t\t\t<\/div>\n\t\t\t\t\t\t<\/div>\n\t\t\t\t\t<\/div>\n\t\t<\/div>\n\t\t\t\t\t\t\t\t<\/div>\n\t\t\t\t\t<\/div>\n\t\t<\/section>\n\t\t\t\t<section class=\"elementor-section elementor-inner-section elementor-element elementor-element-2b82fa2 elementor-section-boxed elementor-section-height-default elementor-section-height-default\" data-id=\"2b82fa2\" data-element_type=\"section\" data-settings=\"{&quot;background_background&quot;:&quot;classic&quot;,&quot;_ha_eqh_enable&quot;:false}\">\n\t\t\t\t\t\t<div class=\"elementor-container elementor-column-gap-default\">\n\t\t\t\t\t\t\t<div class=\"elementor-row\">\n\t\t\t\t\t<div class=\"elementor-column elementor-col-100 elementor-inner-column elementor-element elementor-element-f8ab35e\" data-id=\"f8ab35e\" data-element_type=\"column\">\n\t\t\t<div class=\"elementor-column-wrap elementor-element-populated\">\n\t\t\t\t\t\t\t<div class=\"elementor-widget-wrap\">\n\t\t\t\t\t\t<div class=\"elementor-element elementor-element-2804f2b elementor-widget elementor-widget-ha-animated-text happy-addon ha-animated-text happy-addon-pro\" data-id=\"2804f2b\" data-element_type=\"widget\" data-settings=\"{&quot;animation_delay&quot;:2500}\" data-widget_type=\"ha-animated-text.default\">\n\t\t\t\t<div class=\"elementor-widget-container\">\n\t\t\t<h2 class=\"ha-animated-text-wrap cd-headline rotate-1 ha-animated-has-before-text\" data-animation-delay=\"2500\"><span class=\"ha-animated-before-text\">Nuestros<\/span> <span class=\"ha-animated-text cd-words-wrapper\"><b class=\"elementor-repeater-item-08969f3 is-visible\">PROP\u00d3SITOS<\/b><\/span><\/h2>\t\t<\/div>\n\t\t\t\t<\/div>\n\t\t\t\t<div class=\"elementor-element elementor-element-b74e2a7 ha-content--column ha-align--flex-start ha-icon--row elementor-widget elementor-widget-ha-feature-list happy-addon ha-feature-list happy-addon-pro\" data-id=\"b74e2a7\" data-element_type=\"widget\" data-widget_type=\"ha-feature-list.default\">\n\t\t\t\t<div class=\"elementor-widget-container\">\n\t\t\t\n        <ul class=\"ha-feature-list-wrap\">\n                            <li class=\"ha-list-item\">\n                                            <div class=\"ha-content\">\n                    \n\t\t\t\t\t\t                            <div class=\"ha-icon number\">\n                                <span>1<\/span>\n                            <\/div>\n                        \n                        <div class=\"ha-text\">\n                            Establecer programas de eventos de competencia necesarios en todos los niveles y ramas de asociaci\u00f3n para consolidar el desarrollo del golf en nuestra zona.                        <\/div>\n\n                                        <\/div>\n                                    <\/li>\n                            <li class=\"ha-list-item\">\n                                            <div class=\"ha-content\">\n                    \n\t\t\t\t\t\t                            <div class=\"ha-icon number\">\n                                <span>2<\/span>\n                            <\/div>\n                        \n                        <div class=\"ha-text\">\n                            Trabajar con un plan de Mercadotecnia involucrando a patrocinadores de la zona Centro importantes para el impulso de las actividades de la asociaci\u00f3n.                        <\/div>\n\n                                        <\/div>\n                                    <\/li>\n                            <li class=\"ha-list-item\">\n                                            <div class=\"ha-content\">\n                    \n\t\t\t\t\t\t                            <div class=\"ha-icon number\">\n                                <span>3<\/span>\n                            <\/div>\n                        \n                        <div class=\"ha-text\">\n                            Organizar, consolidar y apoyar los comit\u00e9s de rama para que estos lleven a cabo sus propios programas de actividades.                        <\/div>\n\n                                        <\/div>\n                                    <\/li>\n                            <li class=\"ha-list-item\">\n                                            <div class=\"ha-content\">\n                    \n\t\t\t\t\t\t                            <div class=\"ha-icon number\">\n                                <span>4<\/span>\n                            <\/div>\n                        \n                        <div class=\"ha-text\">\n                            Crear un equipo de jueces de reglas de golf en la zona centro que apoyen los eventos de las distintas ramas.                        <\/div>\n\n                                        <\/div>\n                                    <\/li>\n                            <li class=\"ha-list-item\">\n                                            <div class=\"ha-content\">\n                    \n\t\t\t\t\t\t                            <div class=\"ha-icon number\">\n                                <span>5<\/span>\n                            <\/div>\n                        \n                        <div class=\"ha-text\">\n                            Promover la realizaci\u00f3n de un torneo de golf Copa Baj\u00edo por a\u00f1o.                        <\/div>\n\n                                        <\/div>\n                                    <\/li>\n                            <li class=\"ha-list-item\">\n                                            <div class=\"ha-content\">\n                    \n\t\t\t\t\t\t                            <div class=\"ha-icon number\">\n                                <span>6<\/span>\n                            <\/div>\n                        \n                        <div class=\"ha-text\">\n                            Mantener un nivel de comunicaci\u00f3n permanente con los consejos de administraci\u00f3n, comit\u00e9s de golf y gerentes de los distintos clubes.                        <\/div>\n\n                                        <\/div>\n                                    <\/li>\n                            <li class=\"ha-list-item\">\n                                            <div class=\"ha-content\">\n                    \n\t\t\t\t\t\t                            <div class=\"ha-icon number\">\n                                <span>7<\/span>\n                            <\/div>\n                        \n                        <div class=\"ha-text\">\n                            Establecer lineamientos de transparencia financiera.                        <\/div>\n\n                                        <\/div>\n                                    <\/li>\n                            <li class=\"ha-list-item\">\n                                            <div class=\"ha-content\">\n                    \n\t\t\t\t\t\t                            <div class=\"ha-icon number\">\n                                <span>8<\/span>\n                            <\/div>\n                        \n                        <div class=\"ha-text\">\n                            Generar un censo de golfistas en nuestra zona.                        <\/div>\n\n                                        <\/div>\n                                    <\/li>\n                            <li class=\"ha-list-item\">\n                                            <div class=\"ha-content\">\n                    \n\t\t\t\t\t\t                            <div class=\"ha-icon number\">\n                                <span>9<\/span>\n                            <\/div>\n                        \n                        <div class=\"ha-text\">\n                            Afiliar clubes que no lo est\u00e9n ante la FMG y la GZC.                        <\/div>\n\n                                        <\/div>\n                                    <\/li>\n                    <\/ul>\n\n        \t\t<\/div>\n\t\t\t\t<\/div>\n\t\t\t\t\t\t<\/div>\n\t\t\t\t\t<\/div>\n\t\t<\/div>\n\t\t\t\t\t\t\t\t<\/div>\n\t\t\t\t\t<\/div>\n\t\t<\/section>\n\t\t\t\t\t\t<\/div>\n\t\t\t\t\t<\/div>\n\t\t<\/div>\n\t\t\t\t\t\t\t\t<\/div>\n\t\t\t\t\t<\/div>\n\t\t<\/section>\n\t\t\t\t<section class=\"elementor-section elementor-top-section elementor-element elementor-element-65f7aa4 elementor-section-content-middle elementor-section-boxed elementor-section-height-default elementor-section-height-default\" data-id=\"65f7aa4\" data-element_type=\"section\" data-settings=\"{&quot;background_background&quot;:&quot;classic&quot;,&quot;_ha_eqh_enable&quot;:false}\">\n\t\t\t\t\t\t<div class=\"elementor-container elementor-column-gap-default\">\n\t\t\t\t\t\t\t<div class=\"elementor-row\">\n\t\t\t\t\t<div class=\"elementor-column elementor-col-50 elementor-top-column elementor-element elementor-element-76a183b\" data-id=\"76a183b\" data-element_type=\"column\">\n\t\t\t<div class=\"elementor-column-wrap\">\n\t\t\t\t\t\t\t<div class=\"elementor-widget-wrap\">\n\t\t\t\t\t\t\t\t<\/div>\n\t\t\t\t\t<\/div>\n\t\t<\/div>\n\t\t\t\t<div class=\"elementor-column elementor-col-50 elementor-top-column elementor-element elementor-element-2941e54\" data-id=\"2941e54\" data-element_type=\"column\">\n\t\t\t<div class=\"elementor-column-wrap\">\n\t\t\t\t\t\t\t<div class=\"elementor-widget-wrap\">\n\t\t\t\t\t\t\t\t<\/div>\n\t\t\t\t\t<\/div>\n\t\t<\/div>\n\t\t\t\t\t\t\t\t<\/div>\n\t\t\t\t\t<\/div>\n\t\t<\/section>\n\t\t\t\t\t\t<\/div>\n\t\t\t\t\t\t<\/div>\n\t\t\t\t\t<\/div>\n\t\t","protected":false},"excerpt":{"rendered":"<p>Quienes Somos? \u201cSomos una organizaci\u00f3n dedicada a impulsar a la comunidad golfista de la zona centro a ser la numero uno, mediante un programa de competencia que nos permita elevar el nivel de golf en las diversas ramas.\u201d Nuestra Vis\u00f3nMeta En un plazo de 3 a\u00f1os obtener resultados representativos a nivel nacional e internacional con [&hellip;]<\/p>\n","protected":false},"author":1,"featured_media":0,"parent":0,"menu_order":0,"comment_status":"closed","ping_status":"closed","template":"elementor_header_footer","meta":{"footnotes":""},"class_list":["post-4682","page","type-page","status-publish","hentry"],"_links":{"self":[{"href":"http:\/\/www.zonacentro.org\/Bienvenidos\/wp-json\/wp\/v2\/pages\/4682"}],"collection":[{"href":"http:\/\/www.zonacentro.org\/Bienvenidos\/wp-json\/wp\/v2\/pages"}],"about":[{"href":"http:\/\/www.zonacentro.org\/Bienvenidos\/wp-json\/wp\/v2\/types\/page"}],"author":[{"embeddable":true,"href":"http:\/\/www.zonacentro.org\/Bienvenidos\/wp-json\/wp\/v2\/users\/1"}],"replies":[{"embeddable":true,"href":"http:\/\/www.zonacentro.org\/Bienvenidos\/wp-json\/wp\/v2\/comments?post=4682"}],"version-history":[{"count":7,"href":"http:\/\/www.zonacentro.org\/Bienvenidos\/wp-json\/wp\/v2\/pages\/4682\/revisions"}],"predecessor-version":[{"id":4760,"href":"http:\/\/www.zonacentro.org\/Bienvenidos\/wp-json\/wp\/v2\/pages\/4682\/revisions\/4760"}],"wp:attachment":[{"href":"http:\/\/www.zonacentro.org\/Bienvenidos\/wp-json\/wp\/v2\/media?parent=4682"}],"curies":[{"name":"wp","href":"https:\/\/api.w.org\/{rel}","templated":true}]}}